{"id":65,"date":"2024-03-21T15:46:00","date_gmt":"2024-03-21T14:46:00","guid":{"rendered":"https:\/\/www.decopierre69.com\/fr\/?page_id=65"},"modified":"2024-07-19T19:15:21","modified_gmt":"2024-07-19T17:15:21","slug":"societe","status":"publish","type":"page","link":"https:\/\/www.decopierre69.com\/fr\/societe\/","title":{"rendered":"SOCIETE"},"content":{"rendered":"<p>[et_pb_section fb_built=\u00a0\u00bb1&Prime; admin_label=\u00a0\u00bbServices\u00a0\u00bb _builder_version=\u00a0\u00bb4.24.2&Prime; custom_padding=\u00a0\u00bb0|0|54px|0px|false|false\u00a0\u00bb hover_enabled=\u00a0\u00bb0&Prime; global_colors_info=\u00a0\u00bb{}\u00a0\u00bb sticky_enabled=\u00a0\u00bb0&Prime; background_color=\u00a0\u00bbRGBA(255,255,255,0)\u00a0\u00bb title_text=\u00a0\u00bb5b68ad7c-7796-4e2a-9b82-90eeca1b9757_out-976&#215;1072&Prime; background_enable_image=\u00a0\u00bboff\u00a0\u00bb][et_pb_row _builder_version=\u00a0\u00bb4.24.2&Prime; _module_preset=\u00a0\u00bbdefault\u00a0\u00bb min_height=\u00a0\u00bb71.9px\u00a0\u00bb][et_pb_column _builder_version=\u00a0\u00bb4.24.2&Prime; _module_preset=\u00a0\u00bbdefault\u00a0\u00bb type=\u00a0\u00bb4_4&Prime;][et_pb_text _builder_version=\u00a0\u00bb4.24.2&Prime; _module_preset=\u00a0\u00bbdefault\u00a0\u00bb hover_enabled=\u00a0\u00bb0&Prime; sticky_enabled=\u00a0\u00bb0&Prime;]<\/p>\n<h3>L&rsquo;ATELIER DE FABRICATION<\/h3>\n<p>[\/et_pb_text][\/et_pb_column][\/et_pb_row][et_pb_row column_structure=\u00a0\u00bb1_3,1_3,1_3&Prime; admin_label=\u00a0\u00bbMain Services\u00a0\u00bb _builder_version=\u00a0\u00bb4.24.2&Prime; custom_margin=\u00a0\u00bb-30px||-30px||true|false\u00a0\u00bb custom_padding=\u00a0\u00bb|||\u00a0\u00bb hover_enabled=\u00a0\u00bb0&Prime; global_colors_info=\u00a0\u00bb{}\u00a0\u00bb min_height=\u00a0\u00bb659.8px\u00a0\u00bb sticky_enabled=\u00a0\u00bb0&Prime;][et_pb_column type=\u00a0\u00bb1_3&Prime; _builder_version=\u00a0\u00bb4.24.2&Prime; custom_padding=\u00a0\u00bb|||\u00a0\u00bb custom_padding_tablet=\u00a0\u00bb||40px|\u00a0\u00bb custom_padding_phone=\u00a0\u00bb||40px|\u00a0\u00bb custom_padding_last_edited=\u00a0\u00bboff|desktop\u00a0\u00bb global_colors_info=\u00a0\u00bb{}\u00a0\u00bb padding_phone=\u00a0\u00bb||40px|\u00a0\u00bb padding_tablet=\u00a0\u00bb||40px|\u00a0\u00bb padding_last_edited=\u00a0\u00bboff|desktop\u00a0\u00bb custom_padding__hover=\u00a0\u00bb|||\u00a0\u00bb][et_pb_text _builder_version=\u00a0\u00bb4.24.2&Prime; _module_preset=\u00a0\u00bbdefault\u00a0\u00bb text_text_color=\u00a0\u00bb#000000&Prime; text_font_size=\u00a0\u00bb16px\u00a0\u00bb global_colors_info=\u00a0\u00bb{}\u00a0\u00bb]<\/p>\n<p style=\"text-align: justify;\">La soci\u00e9t\u00e9 DECOPIERRE a \u00e9t\u00e9 fond\u00e9e en 2001 par Fr\u00e9d\u00e9ric COTILLON au c\u0153ur d&rsquo;une ancienne carri\u00e8re de pierres dor\u00e9es dans la commune de MARCY (69480).<\/p>\n<p style=\"text-align: justify;\">Fr\u00e9d\u00e9ric a suivi une formation de 8 ans chez les compagnons du devoir et ainsi multipli\u00e9 les exp\u00e9riences dans de nombreuses entreprises de FRANCE.<\/p>\n<p style=\"text-align: justify;\">La soci\u00e9t\u00e9 est aujourd&rsquo;hui\u00a0constitu\u00e9e de 4 personnes, dont certains sont\u00a0\u00e9tudiants et effectuent\u00a0eux aussi du compagnonnage.<\/p>\n<p>Dot\u00e9 aujourd&rsquo;hui d&rsquo;un mat\u00e9riel performant, la soci\u00e9t\u00e9 peut travailler la d\u00e9coupe de grosses pierres, avec des usinages pr\u00e9cis.<\/p>\n<p>N\u00e9anmoins, le fa\u00e7onnage se r\u00e9alise le plus souvent \u00e0 la main ou l&rsquo;aide d&rsquo;outillages pneumatiques \u00e9quip\u00e9s d&rsquo;outils r\u00e9sistants \u00e0 la duret\u00e9 des mat\u00e9riaux travaill\u00e9s.<\/p>\n<p>[\/et_pb_text][\/et_pb_column][et_pb_column type=\u00a0\u00bb1_3&Prime; _builder_version=\u00a0\u00bb4.24.2&Prime; _module_preset=\u00a0\u00bbdefault\u00a0\u00bb global_colors_info=\u00a0\u00bb{}\u00a0\u00bb][et_pb_image src=\u00a0\u00bbhttps:\/\/www.decopierre69.com\/fr\/wp-content\/uploads\/2024\/07\/atelier-fabrication-taille-pierre.jpg\u00a0\u00bb title_text=\u00a0\u00bbatelier-fabrication-taille-pierre\u00a0\u00bb _builder_version=\u00a0\u00bb4.24.2&Prime; _module_preset=\u00a0\u00bbdefault\u00a0\u00bb width=\u00a0\u00bb100%\u00a0\u00bb global_colors_info=\u00a0\u00bb{}\u00a0\u00bb][\/et_pb_image][\/et_pb_column][et_pb_column type=\u00a0\u00bb1_3&Prime; _builder_version=\u00a0\u00bb4.24.2&Prime; _module_preset=\u00a0\u00bbdefault\u00a0\u00bb global_colors_info=\u00a0\u00bb{}\u00a0\u00bb][et_pb_image src=\u00a0\u00bbhttps:\/\/www.decopierre69.com\/fr\/wp-content\/uploads\/2024\/07\/atelier-fabrication-taille-pierre1.jpg\u00a0\u00bb title_text=\u00a0\u00bbatelier-fabrication-taille-pierre1&Prime; _builder_version=\u00a0\u00bb4.24.2&Prime; _module_preset=\u00a0\u00bbdefault\u00a0\u00bb width=\u00a0\u00bb54%\u00a0\u00bb hover_enabled=\u00a0\u00bb0&Prime; global_colors_info=\u00a0\u00bb{}\u00a0\u00bb sticky_enabled=\u00a0\u00bb0&Prime;][\/et_pb_image][et_pb_image src=\u00a0\u00bbhttps:\/\/www.decopierre69.com\/fr\/wp-content\/uploads\/2024\/03\/deb.jpg\u00a0\u00bb title_text=\u00a0\u00bbdeb\u00a0\u00bb _builder_version=\u00a0\u00bb4.24.2&Prime; _module_preset=\u00a0\u00bbdefault\u00a0\u00bb width=\u00a0\u00bb100%\u00a0\u00bb global_colors_info=\u00a0\u00bb{}\u00a0\u00bb][\/et_pb_image][\/et_pb_column][\/et_pb_row][\/et_pb_section]<\/p>\n","protected":false},"excerpt":{"rendered":"<p>L&rsquo;ATELIER DE FABRICATIONLa soci\u00e9t\u00e9 DECOPIERRE a \u00e9t\u00e9 fond\u00e9e en 2001 par Fr\u00e9d\u00e9ric COTILLON au c\u0153ur d&rsquo;une ancienne carri\u00e8re de pierres dor\u00e9es dans la commune de MARCY (69480). Fr\u00e9d\u00e9ric a suivi une formation de 8 ans chez les compagnons du devoir et ainsi multipli\u00e9 les exp\u00e9riences dans de nombreuses entreprises de FRANCE. La soci\u00e9t\u00e9 est aujourd&rsquo;hui\u00a0constitu\u00e9e [&hellip;]<\/p>\n","protected":false},"author":1,"featured_media":0,"parent":0,"menu_order":0,"comment_status":"closed","ping_status":"closed","template":"","meta":{"_et_pb_use_builder":"on","_et_pb_old_content":"","_et_gb_content_width":"","footnotes":""},"class_list":["post-65","page","type-page","status-publish","hentry"],"yoast_head":"<!-- This site is optimized with the Yoast SEO plugin v22.3 - https:\/\/yoast.com\/wordpress\/plugins\/seo\/ -->\n<title>SOCIETE - DECOPIERRE<\/title>\n<meta name=\"robots\" content=\"index, follow, max-snippet:-1, max-image-preview:large, max-video-preview:-1\" \/>\n<link rel=\"canonical\" href=\"https:\/\/www.decopierre69.com\/fr\/societe\/\" \/>\n<meta property=\"og:locale\" content=\"fr_FR\" \/>\n<meta property=\"og:type\" content=\"article\" \/>\n<meta property=\"og:title\" content=\"SOCIETE - DECOPIERRE\" \/>\n<meta property=\"og:description\" content=\"L&#039;ATELIER DE FABRICATIONLa soci\u00e9t\u00e9 DECOPIERRE a \u00e9t\u00e9 fond\u00e9e en 2001 par Fr\u00e9d\u00e9ric COTILLON au c\u0153ur d&#039;une ancienne carri\u00e8re de pierres dor\u00e9es dans la commune de MARCY (69480). Fr\u00e9d\u00e9ric a suivi une formation de 8 ans chez les compagnons du devoir et ainsi multipli\u00e9 les exp\u00e9riences dans de nombreuses entreprises de FRANCE. La soci\u00e9t\u00e9 est aujourd&#039;hui\u00a0constitu\u00e9e [&hellip;]\" \/>\n<meta property=\"og:url\" content=\"https:\/\/www.decopierre69.com\/fr\/societe\/\" \/>\n<meta property=\"og:site_name\" content=\"DECOPIERRE\" \/>\n<meta property=\"article:publisher\" content=\"https:\/\/www.facebook.com\/profile.php?id=100064267113300\" \/>\n<meta property=\"article:modified_time\" content=\"2024-07-19T17:15:21+00:00\" \/>\n<meta name=\"twitter:card\" content=\"summary_large_image\" \/>\n<meta name=\"twitter:label1\" content=\"Dur\u00e9e de lecture estim\u00e9e\" \/>\n\t<meta name=\"twitter:data1\" content=\"2 minutes\" \/>\n<script type=\"application\/ld+json\" class=\"yoast-schema-graph\">{\"@context\":\"https:\/\/schema.org\",\"@graph\":[{\"@type\":\"WebPage\",\"@id\":\"https:\/\/www.decopierre69.com\/fr\/societe\/\",\"url\":\"https:\/\/www.decopierre69.com\/fr\/societe\/\",\"name\":\"SOCIETE - DECOPIERRE\",\"isPartOf\":{\"@id\":\"https:\/\/www.decopierre69.com\/fr\/#website\"},\"datePublished\":\"2024-03-21T14:46:00+00:00\",\"dateModified\":\"2024-07-19T17:15:21+00:00\",\"breadcrumb\":{\"@id\":\"https:\/\/www.decopierre69.com\/fr\/societe\/#breadcrumb\"},\"inLanguage\":\"fr-FR\",\"potentialAction\":[{\"@type\":\"ReadAction\",\"target\":[\"https:\/\/www.decopierre69.com\/fr\/societe\/\"]}]},{\"@type\":\"BreadcrumbList\",\"@id\":\"https:\/\/www.decopierre69.com\/fr\/societe\/#breadcrumb\",\"itemListElement\":[{\"@type\":\"ListItem\",\"position\":1,\"name\":\"Accueil\",\"item\":\"https:\/\/www.decopierre69.com\/fr\/\"},{\"@type\":\"ListItem\",\"position\":2,\"name\":\"SOCIETE\"}]},{\"@type\":\"WebSite\",\"@id\":\"https:\/\/www.decopierre69.com\/fr\/#website\",\"url\":\"https:\/\/www.decopierre69.com\/fr\/\",\"name\":\"DECOPIERRE\",\"description\":\"\",\"publisher\":{\"@id\":\"https:\/\/www.decopierre69.com\/fr\/#organization\"},\"potentialAction\":[{\"@type\":\"SearchAction\",\"target\":{\"@type\":\"EntryPoint\",\"urlTemplate\":\"https:\/\/www.decopierre69.com\/fr\/?s={search_term_string}\"},\"query-input\":\"required name=search_term_string\"}],\"inLanguage\":\"fr-FR\"},{\"@type\":\"Organization\",\"@id\":\"https:\/\/www.decopierre69.com\/fr\/#organization\",\"name\":\"DECOPIERRE\",\"url\":\"https:\/\/www.decopierre69.com\/fr\/\",\"logo\":{\"@type\":\"ImageObject\",\"inLanguage\":\"fr-FR\",\"@id\":\"https:\/\/www.decopierre69.com\/fr\/#\/schema\/logo\/image\/\",\"url\":\"https:\/\/www.decopierre69.com\/fr\/wp-content\/uploads\/2024\/03\/logo-copie-2.png\",\"contentUrl\":\"https:\/\/www.decopierre69.com\/fr\/wp-content\/uploads\/2024\/03\/logo-copie-2.png\",\"width\":291,\"height\":63,\"caption\":\"DECOPIERRE\"},\"image\":{\"@id\":\"https:\/\/www.decopierre69.com\/fr\/#\/schema\/logo\/image\/\"},\"sameAs\":[\"https:\/\/www.facebook.com\/profile.php?id=100064267113300\"]}]}<\/script>\n<!-- \/ Yoast SEO plugin. -->","yoast_head_json":{"title":"SOCIETE - DECOPIERRE","robots":{"index":"index","follow":"follow","max-snippet":"max-snippet:-1","max-image-preview":"max-image-preview:large","max-video-preview":"max-video-preview:-1"},"canonical":"https:\/\/www.decopierre69.com\/fr\/societe\/","og_locale":"fr_FR","og_type":"article","og_title":"SOCIETE - DECOPIERRE","og_description":"L'ATELIER DE FABRICATIONLa soci\u00e9t\u00e9 DECOPIERRE a \u00e9t\u00e9 fond\u00e9e en 2001 par Fr\u00e9d\u00e9ric COTILLON au c\u0153ur d'une ancienne carri\u00e8re de pierres dor\u00e9es dans la commune de MARCY (69480). Fr\u00e9d\u00e9ric a suivi une formation de 8 ans chez les compagnons du devoir et ainsi multipli\u00e9 les exp\u00e9riences dans de nombreuses entreprises de FRANCE. La soci\u00e9t\u00e9 est aujourd'hui\u00a0constitu\u00e9e [&hellip;]","og_url":"https:\/\/www.decopierre69.com\/fr\/societe\/","og_site_name":"DECOPIERRE","article_publisher":"https:\/\/www.facebook.com\/profile.php?id=100064267113300","article_modified_time":"2024-07-19T17:15:21+00:00","twitter_card":"summary_large_image","twitter_misc":{"Dur\u00e9e de lecture estim\u00e9e":"2 minutes"},"schema":{"@context":"https:\/\/schema.org","@graph":[{"@type":"WebPage","@id":"https:\/\/www.decopierre69.com\/fr\/societe\/","url":"https:\/\/www.decopierre69.com\/fr\/societe\/","name":"SOCIETE - DECOPIERRE","isPartOf":{"@id":"https:\/\/www.decopierre69.com\/fr\/#website"},"datePublished":"2024-03-21T14:46:00+00:00","dateModified":"2024-07-19T17:15:21+00:00","breadcrumb":{"@id":"https:\/\/www.decopierre69.com\/fr\/societe\/#breadcrumb"},"inLanguage":"fr-FR","potentialAction":[{"@type":"ReadAction","target":["https:\/\/www.decopierre69.com\/fr\/societe\/"]}]},{"@type":"BreadcrumbList","@id":"https:\/\/www.decopierre69.com\/fr\/societe\/#breadcrumb","itemListElement":[{"@type":"ListItem","position":1,"name":"Accueil","item":"https:\/\/www.decopierre69.com\/fr\/"},{"@type":"ListItem","position":2,"name":"SOCIETE"}]},{"@type":"WebSite","@id":"https:\/\/www.decopierre69.com\/fr\/#website","url":"https:\/\/www.decopierre69.com\/fr\/","name":"DECOPIERRE","description":"","publisher":{"@id":"https:\/\/www.decopierre69.com\/fr\/#organization"},"potentialAction":[{"@type":"SearchAction","target":{"@type":"EntryPoint","urlTemplate":"https:\/\/www.decopierre69.com\/fr\/?s={search_term_string}"},"query-input":"required name=search_term_string"}],"inLanguage":"fr-FR"},{"@type":"Organization","@id":"https:\/\/www.decopierre69.com\/fr\/#organization","name":"DECOPIERRE","url":"https:\/\/www.decopierre69.com\/fr\/","logo":{"@type":"ImageObject","inLanguage":"fr-FR","@id":"https:\/\/www.decopierre69.com\/fr\/#\/schema\/logo\/image\/","url":"https:\/\/www.decopierre69.com\/fr\/wp-content\/uploads\/2024\/03\/logo-copie-2.png","contentUrl":"https:\/\/www.decopierre69.com\/fr\/wp-content\/uploads\/2024\/03\/logo-copie-2.png","width":291,"height":63,"caption":"DECOPIERRE"},"image":{"@id":"https:\/\/www.decopierre69.com\/fr\/#\/schema\/logo\/image\/"},"sameAs":["https:\/\/www.facebook.com\/profile.php?id=100064267113300"]}]}},"_links":{"self":[{"href":"https:\/\/www.decopierre69.com\/fr\/wp-json\/wp\/v2\/pages\/65","targetHints":{"allow":["GET"]}}],"collection":[{"href":"https:\/\/www.decopierre69.com\/fr\/wp-json\/wp\/v2\/pages"}],"about":[{"href":"https:\/\/www.decopierre69.com\/fr\/wp-json\/wp\/v2\/types\/page"}],"author":[{"embeddable":true,"href":"https:\/\/www.decopierre69.com\/fr\/wp-json\/wp\/v2\/users\/1"}],"replies":[{"embeddable":true,"href":"https:\/\/www.decopierre69.com\/fr\/wp-json\/wp\/v2\/comments?post=65"}],"version-history":[{"count":12,"href":"https:\/\/www.decopierre69.com\/fr\/wp-json\/wp\/v2\/pages\/65\/revisions"}],"predecessor-version":[{"id":411,"href":"https:\/\/www.decopierre69.com\/fr\/wp-json\/wp\/v2\/pages\/65\/revisions\/411"}],"wp:attachment":[{"href":"https:\/\/www.decopierre69.com\/fr\/wp-json\/wp\/v2\/media?parent=65"}],"curies":[{"name":"wp","href":"https:\/\/api.w.org\/{rel}","templated":true}]}}